{"id":22150,"date":"2024-02-20T17:33:04","date_gmt":"2024-02-20T16:33:04","guid":{"rendered":"https:\/\/kartingcentarblazon.com.hr\/die-rennbahn\/"},"modified":"2024-03-10T10:46:00","modified_gmt":"2024-03-10T09:46:00","slug":"die-rennbahn","status":"publish","type":"page","link":"http:\/\/kartingcentarblazon.com.hr\/de\/die-rennbahn\/","title":{"rendered":"Die Rennbahn"},"content":{"rendered":"\t\t<div data-elementor-type=\"wp-page\" data-elementor-id=\"22150\" class=\"elementor elementor-22150\">\n\t\t\t\t\t\t<div class=\"elementor-section elementor-top-section elementor-element elementor-element-0350420 elementor-section-content-bottom elementor-section-stretched elementor-section-boxed elementor-section-height-default elementor-section-height-default\" data-id=\"0350420\" data-element_type=\"section\" data-settings=\"{&quot;stretch_section&quot;:&quot;section-stretched&quot;}\">\n\t\t\t\t\t\t<div class=\"elementor-container elementor-column-gap-default\">\n\t\t\t\t\t<div class=\"elementor-column elementor-col-100 elementor-top-column elementor-element elementor-element-7735612\" data-id=\"7735612\" data-element_type=\"column\">\n\t\t\t<div class=\"elementor-widget-wrap elementor-element-populated\">\n\t\t\t\t\t\t<div class=\"fl-custom-animation-9e6faa2 fl-animated-item-velocity elementor-element elementor-element-9e6faa2 elementor-widget elementor-widget-templines-custom-title\" data-animate-type=\"slideRightIn\" data-id=\"9e6faa2\" data-element_type=\"widget\" data-widget_type=\"templines-custom-title.default\">\n\t\t\t\t<div class=\"elementor-widget-container\">\n\t\t\t<div class=\"page-builder-custom-title-wrap\"><span class=\"sub-title fl-primary-color fl-font-style-medium\">Karting centar Bla\u017eon<\/span><h2 class=\"title fl-font-style-medium\">Najljep\u0161a staza u srednjoj Europi<\/h2><\/div>\t\t<\/div>\n\t\t\t\t<\/div>\n\t\t\t\t<div class=\"elementor-element elementor-element-ac8ef73 elementor-widget elementor-widget-spacer\" data-id=\"ac8ef73\" data-element_type=\"widget\" data-widget_type=\"spacer.default\">\n\t\t\t\t<div class=\"elementor-widget-container\">\n\t\t\t<style>\/*! elementor - v3.19.0 - 28-02-2024 *\/\n.elementor-column .elementor-spacer-inner{height:var(--spacer-size)}.e-con{--container-widget-width:100%}.e-con-inner>.elementor-widget-spacer,.e-con>.elementor-widget-spacer{width:var(--container-widget-width,var(--spacer-size));--align-self:var(--container-widget-align-self,initial);--flex-shrink:0}.e-con-inner>.elementor-widget-spacer>.elementor-widget-container,.e-con>.elementor-widget-spacer>.elementor-widget-container{height:100%;width:100%}.e-con-inner>.elementor-widget-spacer>.elementor-widget-container>.elementor-spacer,.e-con>.elementor-widget-spacer>.elementor-widget-container>.elementor-spacer{height:100%}.e-con-inner>.elementor-widget-spacer>.elementor-widget-container>.elementor-spacer>.elementor-spacer-inner,.e-con>.elementor-widget-spacer>.elementor-widget-container>.elementor-spacer>.elementor-spacer-inner{height:var(--container-widget-height,var(--spacer-size))}.e-con-inner>.elementor-widget-spacer.elementor-widget-empty,.e-con>.elementor-widget-spacer.elementor-widget-empty{position:relative;min-height:22px;min-width:22px}.e-con-inner>.elementor-widget-spacer.elementor-widget-empty .elementor-widget-empty-icon,.e-con>.elementor-widget-spacer.elementor-widget-empty .elementor-widget-empty-icon{position:absolute;top:0;bottom:0;left:0;right:0;margin:auto;padding:0;width:22px;height:22px}<\/style>\t\t<div class=\"elementor-spacer\">\n\t\t\t<div class=\"elementor-spacer-inner\"><\/div>\n\t\t<\/div>\n\t\t\t\t<\/div>\n\t\t\t\t<\/div>\n\t\t\t\t<div class=\"fl-custom-animation-502ea5b fl-animated-item-velocity elementor-element elementor-element-502ea5b elementor-widget elementor-widget-templines-custom-text-editor\" data-animate-type=\"slideUpIn\" data-id=\"502ea5b\" data-element_type=\"widget\" data-widget_type=\"templines-custom-text-editor.default\">\n\t\t\t\t<div class=\"elementor-widget-container\">\n\t\t\t<div class=\"page-builder-custom-text-editor-content-wrap\"><div class=\"content-editor-content\">\n1100 m du\u017eine i 8 m \u0161irine \u2013 za testiranje i u\u017eivanje. Staza je gra\u0111ena prema FIA CIK-C licenci i na istoj kad se izgrade prate\u0107i sadr\u017eaji mo\u0107i \u0107e se organizirati utrke prvenstva europe u kartingu, a me\u0111unarodne utrke kartinga odr\u017eavaju su se zadnjih 20 godina na na\u0161oj stazi.\n<\/div><\/div>\t\t<\/div>\n\t\t\t\t<\/div>\n\t\t\t\t<div class=\"elementor-element elementor-element-dcbdef7 elementor-widget elementor-widget-spacer\" data-id=\"dcbdef7\" data-element_type=\"widget\" data-widget_type=\"spacer.default\">\n\t\t\t\t<div class=\"elementor-widget-container\">\n\t\t\t\t\t<div class=\"elementor-spacer\">\n\t\t\t<div class=\"elementor-spacer-inner\"><\/div>\n\t\t<\/div>\n\t\t\t\t<\/div>\n\t\t\t\t<\/div>\n\t\t\t\t\t<\/div>\n\t\t<\/div>\n\t\t\t\t\t<\/div>\n\t\t<\/div>\n\t\t<div class=\"elementor-element elementor-element-020ef78 e-flex e-con-boxed e-con e-parent\" data-id=\"020ef78\" data-element_type=\"container\" data-settings=\"{&quot;content_width&quot;:&quot;boxed&quot;}\" data-core-v316-plus=\"true\">\n\t\t\t\t\t<div class=\"e-con-inner\">\n\t\t\t\t<div class=\"elementor-element elementor-element-5a6c326 elementor-widget elementor-widget-image\" data-id=\"5a6c326\" data-element_type=\"widget\" data-widget_type=\"image.default\">\n\t\t\t\t<div class=\"elementor-widget-container\">\n\t\t\t<style>\/*! elementor - v3.19.0 - 28-02-2024 *\/\n.elementor-widget-image{text-align:center}.elementor-widget-image a{display:inline-block}.elementor-widget-image a img[src$=\".svg\"]{width:48px}.elementor-widget-image img{vertical-align:middle;display:inline-block}<\/style>\t\t\t\t\t\t\t\t\t\t<img fetchpriority=\"high\" decoding=\"async\" width=\"880\" height=\"389\" src=\"http:\/\/kartingcentarblazon.com.hr\/wp-content\/uploads\/2024\/02\/air_photo.jpg\" class=\"attachment-large size-large wp-image-20862\" alt=\"\" srcset=\"http:\/\/kartingcentarblazon.com.hr\/wp-content\/uploads\/2024\/02\/air_photo.jpg 880w, http:\/\/kartingcentarblazon.com.hr\/wp-content\/uploads\/2024\/02\/air_photo-300x133.jpg 300w, http:\/\/kartingcentarblazon.com.hr\/wp-content\/uploads\/2024\/02\/air_photo-768x339.jpg 768w, http:\/\/kartingcentarblazon.com.hr\/wp-content\/uploads\/2024\/02\/air_photo-600x265.jpg 600w\" sizes=\"(max-width: 880px) 100vw, 880px\" \/>\t\t\t\t\t\t\t\t\t\t\t\t\t<\/div>\n\t\t\t\t<\/div>\n\t\t\t\t\t<\/div>\n\t\t\t\t<\/div>\n\t\t\t\t<\/div>\n\t\t","protected":false},"excerpt":{"rendered":"<p>Karting centar Bla\u017eon Najljep\u0161a staza u srednjoj Europi 1100 m du\u017eine i 8 m \u0161irine \u2013 za testiranje i u\u017eivanje. Staza je gra\u0111ena prema FIA CIK-C licenci i na istoj kad se izgrade prate\u0107i sadr\u017eaji mo\u0107i \u0107e se organizirati utrke prvenstva europe u kartingu, a me\u0111unarodne utrke kartinga odr\u017eavaju su se zadnjih 20 godina na [&hellip;]<\/p>\n","protected":false},"author":1,"featured_media":0,"parent":0,"menu_order":0,"comment_status":"closed","ping_status":"closed","template":"","meta":{"footnotes":""},"class_list":["post-22150","page","type-page","status-publish","hentry"],"acf":[],"aioseo_notices":[],"_links":{"self":[{"href":"http:\/\/kartingcentarblazon.com.hr\/de\/wp-json\/wp\/v2\/pages\/22150","targetHints":{"allow":["GET"]}}],"collection":[{"href":"http:\/\/kartingcentarblazon.com.hr\/de\/wp-json\/wp\/v2\/pages"}],"about":[{"href":"http:\/\/kartingcentarblazon.com.hr\/de\/wp-json\/wp\/v2\/types\/page"}],"author":[{"embeddable":true,"href":"http:\/\/kartingcentarblazon.com.hr\/de\/wp-json\/wp\/v2\/users\/1"}],"replies":[{"embeddable":true,"href":"http:\/\/kartingcentarblazon.com.hr\/de\/wp-json\/wp\/v2\/comments?post=22150"}],"version-history":[{"count":1,"href":"http:\/\/kartingcentarblazon.com.hr\/de\/wp-json\/wp\/v2\/pages\/22150\/revisions"}],"predecessor-version":[{"id":22151,"href":"http:\/\/kartingcentarblazon.com.hr\/de\/wp-json\/wp\/v2\/pages\/22150\/revisions\/22151"}],"wp:attachment":[{"href":"http:\/\/kartingcentarblazon.com.hr\/de\/wp-json\/wp\/v2\/media?parent=22150"}],"curies":[{"name":"wp","href":"https:\/\/api.w.org\/{rel}","templated":true}]}}